{"id":380,"date":"2024-03-26T18:59:18","date_gmt":"2024-03-26T18:59:18","guid":{"rendered":"https:\/\/litecs.ubi.pt\/?page_id=380"},"modified":"2024-03-26T19:39:13","modified_gmt":"2024-03-26T19:39:13","slug":"projects","status":"publish","type":"page","link":"https:\/\/litecs.ubi.pt\/pt\/projects","title":{"rendered":"Projetos"},"content":{"rendered":"<div class=\"wp-block-query is-layout-flow wp-block-query-is-layout-flow\"><ul class=\"wp-block-post-template is-layout-flow wp-block-post-template-is-layout-flow\"><li class=\"wp-block-post post-111 post type-post status-publish format-standard has-post-thumbnail hentry category-projects\">\n\n<hr class=\"wp-block-separator has-text-color has-alpha-channel-opacity has-background\" style=\"background-color:#81d742;color:#81d742\"\/>\n\n\n<h2 class=\"wp-block-post-title\"><a href=\"https:\/\/litecs.ubi.pt\/pt\/projects\/robota-sudoe\" target=\"_self\" >ROBOTA-SUDOE<\/a><\/h2>\n\n<figure style=\"height:350px;\" class=\"alignwide wp-block-post-featured-image\"><img loading=\"lazy\" decoding=\"async\" width=\"1060\" height=\"644\" src=\"https:\/\/litecs.ubi.pt\/wp-content\/uploads\/2024\/03\/robota_sudoe.jpg\" class=\"attachment-post-thumbnail size-post-thumbnail wp-post-image\" alt=\"\" style=\"height:350px;object-fit:cover;\" srcset=\"https:\/\/litecs.ubi.pt\/wp-content\/uploads\/2024\/03\/robota_sudoe.jpg 1060w, https:\/\/litecs.ubi.pt\/wp-content\/uploads\/2024\/03\/robota_sudoe-300x182.jpg 300w, https:\/\/litecs.ubi.pt\/wp-content\/uploads\/2024\/03\/robota_sudoe-1024x622.jpg 1024w, https:\/\/litecs.ubi.pt\/wp-content\/uploads\/2024\/03\/robota_sudoe-768x467.jpg 768w\" sizes=\"auto, (max-width: 1060px) 100vw, 1060px\" \/><\/figure>\n\n<div style=\"font-size:18px;\" class=\"wp-block-post-excerpt\"><p class=\"wp-block-post-excerpt__excerpt\">Objetivos: Modernizar tecnologicamente sectores como o agroalimentar e pl\u00e1sticos, focando em automa\u00e7\u00e3o desafiadora. Desenvolver t\u00e9cnicas para rob\u00f4s colaborativos com grippers flex\u00edveis inovadores e solu\u00e7\u00f5es para tarefas repetitivas. Criar soft grippers atrav\u00e9s de fabrico aditivo para embalar frutas sem danos, utilizando tecnologias FDM e SLA. Integrar vis\u00e3o computacional e IA para... <\/p><\/div>\n\n\n<p><\/p>\n\n\n<div style=\"font-size:22px;\" class=\"wp-block-post-date\"><time datetime=\"2024-01-02T16:38:00+00:00\">2 Janeiro, 2024<\/time><\/div>\n\n\n<p><\/p>\n\n\n<a style=\"background-color:#00000000; font-size:22px;\" class=\"wp-block-read-more has-background\" href=\"https:\/\/litecs.ubi.pt\/pt\/projects\/robota-sudoe\" target=\"_self\">Ler mais<span class=\"screen-reader-text\">: ROBOTA-SUDOE<\/span><\/a>\n<\/li><li class=\"wp-block-post post-108 post type-post status-publish format-standard has-post-thumbnail hentry category-projects\">\n\n<hr class=\"wp-block-separator has-text-color has-alpha-channel-opacity has-background\" style=\"background-color:#81d742;color:#81d742\"\/>\n\n\n<h2 class=\"wp-block-post-title\"><a href=\"https:\/\/litecs.ubi.pt\/pt\/projects\/montanha-viva\" target=\"_self\" >Montanha Viva<\/a><\/h2>\n\n<figure style=\"height:350px;\" class=\"alignwide wp-block-post-featured-image\"><img loading=\"lazy\" decoding=\"async\" width=\"1061\" height=\"644\" src=\"https:\/\/litecs.ubi.pt\/wp-content\/uploads\/2024\/03\/montanha.jpg\" class=\"attachment-post-thumbnail size-post-thumbnail wp-post-image\" alt=\"\" style=\"height:350px;object-fit:cover;\" srcset=\"https:\/\/litecs.ubi.pt\/wp-content\/uploads\/2024\/03\/montanha.jpg 1061w, https:\/\/litecs.ubi.pt\/wp-content\/uploads\/2024\/03\/montanha-300x182.jpg 300w, https:\/\/litecs.ubi.pt\/wp-content\/uploads\/2024\/03\/montanha-1024x622.jpg 1024w, https:\/\/litecs.ubi.pt\/wp-content\/uploads\/2024\/03\/montanha-768x466.jpg 768w\" sizes=\"auto, (max-width: 1061px) 100vw, 1061px\" \/><\/figure>\n\n<div style=\"font-size:18px;\" class=\"wp-block-post-excerpt\"><p class=\"wp-block-post-excerpt__excerpt\">Objetivos: Desenvolver um sistema de apoio \u00e0 decis\u00e3o destinado \u00e0 operacionalidade inteligente e em tempo real na explora\u00e7\u00e3o econ\u00f3mica das plantas de montanha, especialmente em localiza\u00e7\u00f5es remotas (sem comunica\u00e7\u00f5es), com vista a estimular o aproveitamento econ\u00f3mico de plantas existentes, o aumento da produ\u00e7\u00e3o, a redu\u00e7\u00e3o de consumo de recursos naturais, contribuindo para a promo\u00e7\u00e3o da biodiversidade... <\/p><\/div>\n\n\n<p><\/p>\n\n\n<div style=\"font-size:22px;\" class=\"wp-block-post-date\"><time datetime=\"2022-09-05T16:38:00+00:00\">5 Setembro, 2022<\/time><\/div>\n\n\n<p><\/p>\n\n\n<a style=\"background-color:#00000000; font-size:22px;\" class=\"wp-block-read-more has-background\" href=\"https:\/\/litecs.ubi.pt\/pt\/projects\/montanha-viva\" target=\"_self\">Ler mais<span class=\"screen-reader-text\">: Montanha Viva<\/span><\/a>\n<\/li><li class=\"wp-block-post post-98 post type-post status-publish format-standard has-post-thumbnail hentry category-projects\">\n\n<hr class=\"wp-block-separator has-text-color has-alpha-channel-opacity has-background\" style=\"background-color:#81d742;color:#81d742\"\/>\n\n\n<h2 class=\"wp-block-post-title\"><a href=\"https:\/\/litecs.ubi.pt\/pt\/projects\/pam4wellness\" target=\"_self\" >PAM4WELLNESS<\/a><\/h2>\n\n<figure style=\"height:350px;\" class=\"alignwide wp-block-post-featured-image\"><img loading=\"lazy\" decoding=\"async\" width=\"1060\" height=\"644\" src=\"https:\/\/litecs.ubi.pt\/wp-content\/uploads\/2024\/03\/pam.jpg\" class=\"attachment-post-thumbnail size-post-thumbnail wp-post-image\" alt=\"\" style=\"height:350px;object-fit:cover;\" srcset=\"https:\/\/litecs.ubi.pt\/wp-content\/uploads\/2024\/03\/pam.jpg 1060w, https:\/\/litecs.ubi.pt\/wp-content\/uploads\/2024\/03\/pam-300x182.jpg 300w, https:\/\/litecs.ubi.pt\/wp-content\/uploads\/2024\/03\/pam-1024x622.jpg 1024w, https:\/\/litecs.ubi.pt\/wp-content\/uploads\/2024\/03\/pam-768x467.jpg 768w\" sizes=\"auto, (max-width: 1060px) 100vw, 1060px\" \/><\/figure>\n\n<div style=\"font-size:18px;\" class=\"wp-block-post-excerpt\"><p class=\"wp-block-post-excerpt__excerpt\">Objetivos: Promover a valoriza\u00e7\u00e3o do conhecimento t\u00e9cnico-cient\u00edfico no campo das plantas arom\u00e1ticas e medicinais (PAM). Este conhecimento \u00e9 resultado de colabora\u00e7\u00f5es com diversas entidades empresariais e de pesquisa e inova\u00e7\u00e3o (ID&amp;I). Procuramos alcan\u00e7ar esse objetivo atrav\u00e9s da implementa\u00e7\u00e3o de processos eficazes e \u00e1geis de transfer\u00eancia de conhecimento... <\/p><\/div>\n\n\n<p><\/p>\n\n\n<div style=\"font-size:22px;\" class=\"wp-block-post-date\"><time datetime=\"2021-07-05T16:36:00+00:00\">5 Julho, 2021<\/time><\/div>\n\n\n<p><\/p>\n\n\n<a style=\"background-color:#00000000; font-size:22px;\" class=\"wp-block-read-more has-background\" href=\"https:\/\/litecs.ubi.pt\/pt\/projects\/pam4wellness\" target=\"_self\">Ler mais<span class=\"screen-reader-text\">: PAM4WELLNESS<\/span><\/a>\n<\/li><li class=\"wp-block-post post-102 post type-post status-publish format-standard has-post-thumbnail hentry category-projects\">\n\n<hr class=\"wp-block-separator has-text-color has-alpha-channel-opacity has-background\" style=\"background-color:#81d742;color:#81d742\"\/>\n\n\n<h2 class=\"wp-block-post-title\"><a href=\"https:\/\/litecs.ubi.pt\/pt\/projects\/med-wet\" target=\"_self\" >Med-Wet<\/a><\/h2>\n\n<figure style=\"height:350px;\" class=\"alignwide wp-block-post-featured-image\"><img loading=\"lazy\" decoding=\"async\" width=\"1061\" height=\"644\" src=\"https:\/\/litecs.ubi.pt\/wp-content\/uploads\/2024\/03\/sleci.jpg\" class=\"attachment-post-thumbnail size-post-thumbnail wp-post-image\" alt=\"\" style=\"height:350px;object-fit:cover;\" srcset=\"https:\/\/litecs.ubi.pt\/wp-content\/uploads\/2024\/03\/sleci.jpg 1061w, https:\/\/litecs.ubi.pt\/wp-content\/uploads\/2024\/03\/sleci-300x182.jpg 300w, https:\/\/litecs.ubi.pt\/wp-content\/uploads\/2024\/03\/sleci-1024x622.jpg 1024w, https:\/\/litecs.ubi.pt\/wp-content\/uploads\/2024\/03\/sleci-768x466.jpg 768w\" sizes=\"auto, (max-width: 1061px) 100vw, 1061px\" \/><\/figure>\n\n<div style=\"font-size:18px;\" class=\"wp-block-post-excerpt\"><p class=\"wp-block-post-excerpt__excerpt\">Objetivos: Introduzir e melhorar a efici\u00eancia da irriga\u00e7\u00e3o de pequenos agricultores na regi\u00e3o do Mediterr\u00e2neo e fazer uso otimizado de recursos h\u00eddricos escassos para garantir uma seguran\u00e7a alimentar e h\u00eddrica duradoura. Visa apoiar os pequenos agricultores a adotar melhores pr\u00e1ticas e solu\u00e7\u00f5es sustent\u00e1veis de baixo custo na irriga\u00e7\u00e3o e recolha de \u00e1gua doce, para promover o uso... <\/p><\/div>\n\n\n<p><\/p>\n\n\n<div style=\"font-size:22px;\" class=\"wp-block-post-date\"><time datetime=\"2021-06-07T16:37:00+00:00\">7 Junho, 2021<\/time><\/div>\n\n\n<p><\/p>\n\n\n<a style=\"background-color:#00000000; font-size:22px;\" class=\"wp-block-read-more has-background\" href=\"https:\/\/litecs.ubi.pt\/pt\/projects\/med-wet\" target=\"_self\">Ler mais<span class=\"screen-reader-text\">: Med-Wet<\/span><\/a>\n<\/li><li class=\"wp-block-post post-105 post type-post status-publish format-standard has-post-thumbnail hentry category-projects\">\n\n<hr class=\"wp-block-separator has-text-color has-alpha-channel-opacity has-background\" style=\"background-color:#81d742;color:#81d742\"\/>\n\n\n<h2 class=\"wp-block-post-title\"><a href=\"https:\/\/litecs.ubi.pt\/pt\/projects\/biodagro\" target=\"_self\" >BioD&#8217;Agro<\/a><\/h2>\n\n<figure style=\"height:350px;\" class=\"alignwide wp-block-post-featured-image\"><img loading=\"lazy\" decoding=\"async\" width=\"1060\" height=\"644\" src=\"https:\/\/litecs.ubi.pt\/wp-content\/uploads\/2024\/03\/vinhas.jpg\" class=\"attachment-post-thumbnail size-post-thumbnail wp-post-image\" alt=\"\" style=\"height:350px;object-fit:cover;\" srcset=\"https:\/\/litecs.ubi.pt\/wp-content\/uploads\/2024\/03\/vinhas.jpg 1060w, https:\/\/litecs.ubi.pt\/wp-content\/uploads\/2024\/03\/vinhas-300x182.jpg 300w, https:\/\/litecs.ubi.pt\/wp-content\/uploads\/2024\/03\/vinhas-1024x622.jpg 1024w, https:\/\/litecs.ubi.pt\/wp-content\/uploads\/2024\/03\/vinhas-768x467.jpg 768w\" sizes=\"auto, (max-width: 1060px) 100vw, 1060px\" \/><\/figure>\n\n<div style=\"font-size:18px;\" class=\"wp-block-post-excerpt\"><p class=\"wp-block-post-excerpt__excerpt\">Objetivos: Desenvolver um sistema inteligente de informa\u00e7\u00e3o e de apoio \u00e0 decis\u00e3o para a AgroBiodiversidade em localiza\u00e7\u00f5es remotas e parques naturais, em particular no Parque Natural do Douro Internacional (PNDI), considerando pr\u00e1ticas agroecol\u00f3gicas e sustent\u00e1veis que promovam a manuten\u00e7\u00e3o e preserva\u00e7\u00e3o da biodiversidade local, diminuindo o impacto ambiental, nomeadamente... <\/p><\/div>\n\n\n<p><\/p>\n\n\n<div style=\"font-size:22px;\" class=\"wp-block-post-date\"><time datetime=\"2021-04-05T16:37:00+00:00\">5 Abril, 2021<\/time><\/div>\n\n\n<p><\/p>\n\n\n<a style=\"background-color:#00000000; font-size:22px;\" class=\"wp-block-read-more has-background\" href=\"https:\/\/litecs.ubi.pt\/pt\/projects\/biodagro\" target=\"_self\">Ler mais<span class=\"screen-reader-text\">: BioD&#8217;Agro<\/span><\/a>\n<\/li><\/ul>\n\n<nav class=\"aligncenter wp-block-query-pagination is-content-justification-center is-layout-flex wp-container-core-query-pagination-is-layout-a89b3969 wp-block-query-pagination-is-layout-flex\" aria-label=\"Pagina\u00e7\u00e3o\">\n\n\n<div class=\"wp-block-query-pagination-numbers\"><span aria-current=\"page\" class=\"page-numbers current\">1<\/span>\n<a class=\"page-numbers\" href=\"?query-9-page=2\">2<\/a>\n<a class=\"page-numbers\" href=\"?query-9-page=3\">3<\/a><\/div>\n\n<a href=\"\/pt\/wp-json\/wp\/v2\/pages\/380?query-9-page=2\" class=\"wp-block-query-pagination-next\" aria-label=\"P\u00e1gina seguinte\"><span class='wp-block-query-pagination-next-arrow is-arrow-chevron' aria-hidden='true'>\u00bb<\/span><\/a>\n<\/nav><\/div>","protected":false},"excerpt":{"rendered":"","protected":false},"author":1,"featured_media":0,"parent":0,"menu_order":0,"comment_status":"closed","ping_status":"closed","template":"","meta":{"_acf_changed":false,"footnotes":""},"class_list":["post-380","page","type-page","status-publish","hentry"],"acf":[],"_links":{"self":[{"href":"https:\/\/litecs.ubi.pt\/pt\/wp-json\/wp\/v2\/pages\/380","targetHints":{"allow":["GET"]}}],"collection":[{"href":"https:\/\/litecs.ubi.pt\/pt\/wp-json\/wp\/v2\/pages"}],"about":[{"href":"https:\/\/litecs.ubi.pt\/pt\/wp-json\/wp\/v2\/types\/page"}],"author":[{"embeddable":true,"href":"https:\/\/litecs.ubi.pt\/pt\/wp-json\/wp\/v2\/users\/1"}],"replies":[{"embeddable":true,"href":"https:\/\/litecs.ubi.pt\/pt\/wp-json\/wp\/v2\/comments?post=380"}],"version-history":[{"count":9,"href":"https:\/\/litecs.ubi.pt\/pt\/wp-json\/wp\/v2\/pages\/380\/revisions"}],"predecessor-version":[{"id":419,"href":"https:\/\/litecs.ubi.pt\/pt\/wp-json\/wp\/v2\/pages\/380\/revisions\/419"}],"wp:attachment":[{"href":"https:\/\/litecs.ubi.pt\/pt\/wp-json\/wp\/v2\/media?parent=380"}],"curies":[{"name":"wp","href":"https:\/\/api.w.org\/{rel}","templated":true}]}}