{"id":19,"date":"2024-03-19T17:56:12","date_gmt":"2024-03-19T17:56:12","guid":{"rendered":"https:\/\/litecs.ubi.pt\/?page_id=19"},"modified":"2024-03-22T19:31:46","modified_gmt":"2024-03-22T19:31:46","slug":"work","status":"publish","type":"page","link":"https:\/\/litecs.ubi.pt\/pt\/work","title":{"rendered":"\u00c1reas de Investiga\u00e7\u00e3o"},"content":{"rendered":"<hr class=\"wp-block-separator has-text-color has-alpha-channel-opacity has-background\" style=\"background-color:#81d742;color:#81d742\"\/>\n\n\n\n<h2 class=\"wp-block-heading\">Desenvolvimento de Solu\u00e7\u00f5es Tecnol\u00f3gicas Inovadoras<\/h2>\n\n\n\n<p>A nossa equipa de investiga\u00e7\u00e3o possui uma experi\u00eancia abrangente e um conhecimento s\u00f3lido que nos permite atuar em diversas \u00e1reas no setor de tecnologias sustent\u00e1veis. Tanto no desenvolvimento de hardware como de software, estamos empenhados em criar solu\u00e7\u00f5es tecnol\u00f3gicas inovadoras que abordam desafios espec\u00edficos do nosso campo de investiga\u00e7\u00e3o.<\/p>\n\n\n\n<ul class=\"wp-block-list\">\n<li>Sistemas de Monitoriza\u00e7\u00e3o: Desenvolvemos sistemas de monitoriza\u00e7\u00e3o adaptados a diversas aplica\u00e7\u00f5es. Desde a monitoriza\u00e7\u00e3o da biodiversidade em parques naturais at\u00e9 \u00e0 avalia\u00e7\u00e3o da efici\u00eancia energ\u00e9tica em unidades industriais, oferecemos solu\u00e7\u00f5es precisas e personalizadas.<\/li>\n\n\n\n<li>Solu\u00e7\u00f5es de Rob\u00f3tica: A nossa experi\u00eancia inclui o desenvolvimento de solu\u00e7\u00f5es de rob\u00f3tica terrestres e a\u00e9reas. O projeto PrunusBot \u00e9 um exemplo concreto da nossa inova\u00e7\u00e3o tecnol\u00f3gica na fruticultura, onde aplicamos sistemas de intelig\u00eancia artificial para dete\u00e7\u00e3o e reconhecimento.<\/li>\n\n\n\n<li>Algoritmos de Detec\u00e7\u00e3o e Classifica\u00e7\u00e3o: Utilizando t\u00e9cnicas avan\u00e7adas de intelig\u00eancia artificial, deep learning e vis\u00e3o computacional, criamos algoritmos de detec\u00e7\u00e3o e classifica\u00e7\u00e3o. Esses algoritmos desempenham um papel fundamental em projetos como o BioD\u2019Agro e o PrunusBot.<\/li>\n\n\n\n<li>Estudos de Previs\u00e3o e Modela\u00e7\u00e3o Avan\u00e7ada: Al\u00e9m do desenvolvimento de solu\u00e7\u00f5es pr\u00e1ticas, dedicamo-nos a estudos de previs\u00e3o e modela\u00e7\u00e3o avan\u00e7ada para antecipar cen\u00e1rios e resultados em diversas situa\u00e7\u00f5es. A nossa abordagem de software inclui ainda a an\u00e1lise do ciclo de vida, avaliando o impacto ambiental de processos e produtos. No projeto S4Agro, destacamos a import\u00e2ncia da economia circular, promovendo solu\u00e7\u00f5es sustent\u00e1veis no setor agroindustrial.<\/li>\n\n\n\n<li>Estudos experimentais e num\u00e9ricos por Din\u00e2mica de Fluidos Computacional em regimes estacion\u00e1rio e transit\u00f3rio para previs\u00e3o do escoamento do ar e da transfer\u00eancia de calor. No caso dos projetos PrunusPOS e Pack2Life, foram testadas experimentalmente e modeladas numericamente as c\u00e2maras de refrigera\u00e7\u00e3o e as embalagens de transporte de produtos.<\/li>\n\n\n\n<li>Estudos experimentais de caracteriza\u00e7\u00e3o do desempenho t\u00e9rmico e da efici\u00eancia energ\u00e9tica de instala\u00e7\u00f5es, equipamentos e processos. Os projetos InovEnergy e PrunusPOS incluiram a medi\u00e7\u00e3o de par\u00e2metros t\u00e9rmicos e energ\u00e9ticos em c\u00e2maras de refrigera\u00e7\u00e3o.<\/li>\n<\/ul>","protected":false},"excerpt":{"rendered":"<p>Development of Innovative Technological Solutions Our research team possesses comprehensive expertise and solid knowledge that enables us to operate in various areas within the sustainable technologies sector. Whether in hardware or software development, we are committed to creating innovative technological solutions that address specific challenges in our field of research.<\/p>","protected":false},"author":1,"featured_media":0,"parent":0,"menu_order":0,"comment_status":"closed","ping_status":"closed","template":"","meta":{"_acf_changed":false,"footnotes":""},"class_list":["post-19","page","type-page","status-publish","hentry"],"acf":[],"_links":{"self":[{"href":"https:\/\/litecs.ubi.pt\/pt\/wp-json\/wp\/v2\/pages\/19","targetHints":{"allow":["GET"]}}],"collection":[{"href":"https:\/\/litecs.ubi.pt\/pt\/wp-json\/wp\/v2\/pages"}],"about":[{"href":"https:\/\/litecs.ubi.pt\/pt\/wp-json\/wp\/v2\/types\/page"}],"author":[{"embeddable":true,"href":"https:\/\/litecs.ubi.pt\/pt\/wp-json\/wp\/v2\/users\/1"}],"replies":[{"embeddable":true,"href":"https:\/\/litecs.ubi.pt\/pt\/wp-json\/wp\/v2\/comments?post=19"}],"version-history":[{"count":3,"href":"https:\/\/litecs.ubi.pt\/pt\/wp-json\/wp\/v2\/pages\/19\/revisions"}],"predecessor-version":[{"id":251,"href":"https:\/\/litecs.ubi.pt\/pt\/wp-json\/wp\/v2\/pages\/19\/revisions\/251"}],"wp:attachment":[{"href":"https:\/\/litecs.ubi.pt\/pt\/wp-json\/wp\/v2\/media?parent=19"}],"curies":[{"name":"wp","href":"https:\/\/api.w.org\/{rel}","templated":true}]}}